{"id":65,"date":"2026-05-04T15:59:04","date_gmt":"2026-05-04T21:59:04","guid":{"rendered":"https:\/\/firstgenloans.com\/?page_id=65"},"modified":"2026-05-06T16:45:37","modified_gmt":"2026-05-06T22:45:37","slug":"apply","status":"publish","type":"page","link":"https:\/\/firstgenloans.com\/es\/apply\/","title":{"rendered":"Apply"},"content":{"rendered":"<style>.kb-row-layout-id65_82e02b-68 > .kt-row-column-wrap{align-content:start;}:where(.kb-row-layout-id65_82e02b-68 > .kt-row-column-wrap) > .wp-block-kadence-column{justify-content:start;}.kb-row-layout-id65_82e02b-68 > .kt-row-column-wrap{column-gap:var(--global-kb-gap-md, 2rem);row-gap:var(--global-kb-gap-md, 2rem);padding-top:var(--global-kb-spacing-sm, 1.5rem);padding-bottom:var(--global-kb-spacing-sm, 1.5rem);grid-template-columns:minmax(0, 1fr);}.kb-row-layout-id65_82e02b-68{background-color:#f5a623;}.kb-row-layout-id65_82e02b-68 > .kt-row-layout-overlay{opacity:0.30;}@media all and (max-width: 1024px){.kb-row-layout-id65_82e02b-68 > .kt-row-column-wrap{grid-template-columns:minmax(0, 1fr);}}@media all and (max-width: 767px){.kb-row-layout-id65_82e02b-68 > .kt-row-column-wrap{grid-template-columns:minmax(0, 1fr);}}<\/style><div class=\"kb-row-layout-wrap kb-row-layout-id65_82e02b-68 alignnone kt-row-has-bg wp-block-kadence-rowlayout\"><div class=\"kt-row-column-wrap kt-has-1-columns kt-row-layout-equal kt-tab-layout-inherit kt-mobile-layout-row kt-row-valign-top\">\n<style>.kadence-column65_44a657-d0 > .kt-inside-inner-col,.kadence-column65_44a657-d0 > .kt-inside-inner-col:before{border-top-left-radius:0px;border-top-right-radius:0px;border-bottom-right-radius:0px;border-bottom-left-radius:0px;}.kadence-column65_44a657-d0 > .kt-inside-inner-col{column-gap:var(--global-kb-gap-sm, 1rem);}.kadence-column65_44a657-d0 > .kt-inside-inner-col{flex-direction:column;}.kadence-column65_44a657-d0 > .kt-inside-inner-col > .aligncenter{width:100%;}.kadence-column65_44a657-d0 > .kt-inside-inner-col:before{opacity:0.3;}.kadence-column65_44a657-d0{position:relative;}@media all and (max-width: 1024px){.kadence-column65_44a657-d0 > .kt-inside-inner-col{flex-direction:column;justify-content:center;}}@media all and (max-width: 767px){.kadence-column65_44a657-d0 > .kt-inside-inner-col{flex-direction:column;justify-content:center;}}<\/style>\n<div class=\"wp-block-kadence-column kadence-column65_44a657-d0\"><div class=\"kt-inside-inner-col\"><style>.wp-block-kadence-advancedheading.kt-adv-heading65_f5056a-4e, .wp-block-kadence-advancedheading.kt-adv-heading65_f5056a-4e[data-kb-block=\"kb-adv-heading65_f5056a-4e\"]{text-align:center;font-size:14px;font-weight:700;font-style:normal;color:#1a1a2e;}.wp-block-kadence-advancedheading.kt-adv-heading65_f5056a-4e mark.kt-highlight, .wp-block-kadence-advancedheading.kt-adv-heading65_f5056a-4e[data-kb-block=\"kb-adv-heading65_f5056a-4e\"] mark.kt-highlight{font-style:normal;color:#f76a0c;-webkit-box-decoration-break:clone;box-decoration-break:clone;padding-top:0px;padding-right:0px;padding-bottom:0px;padding-left:0px;}.wp-block-kadence-advancedheading.kt-adv-heading65_f5056a-4e img.kb-inline-image, .wp-block-kadence-advancedheading.kt-adv-heading65_f5056a-4e[data-kb-block=\"kb-adv-heading65_f5056a-4e\"] img.kb-inline-image{width:150px;vertical-align:baseline;}<\/style>\n<h2 class=\"kt-adv-heading65_f5056a-4e wp-block-kadence-advancedheading\" data-kb-block=\"kb-adv-heading65_f5056a-4e\">We are currently in our pre-launch phase and will begin accepting applications upon receiving our Illinois CILA license. Submit your information below to join our waitlist and be among the first to apply.<\/h2>\n<\/div><\/div>\n\n<\/div><\/div>\n\n\n<iframe\n      id=\"JotFormIFrame-261206635841051\"\n      title=\"First Gen Loans \u2014 Loan Application\"\n      onload=\"window.parent.scrollTo(0,0)\"\n      allowtransparency=\"true\"\n      allow=\"geolocation; microphone; camera; fullscreen; payment\"\n      src=\"https:\/\/form.jotform.com\/Gilberto_Roman\/apply\"\n      frameborder=\"0\"\n      style=\"min-width:100%;max-width:100%;height:539px;border:none;\"\n      scrolling=\"no\"\n    >\n    <\/iframe>\n    <script src='https:\/\/cdn.jotfor.ms\/s\/umd\/latest\/for-form-embed-handler.js'><\/script>\n    <script>window.jotformEmbedHandler(\"iframe[id='JotFormIFrame-261206635841051']\", \"https:\/\/form.jotform.com\/\")<\/script>\n\n\n\n<p><\/p>\n","protected":false},"excerpt":{"rendered":"<p>Actualmente estamos en nuestra fase de pre-lanzamiento y comenzaremos a aceptar solicitudes al recibir nuestra licencia CILA de Illinois. Env\u00eda tu informaci\u00f3n a continuaci\u00f3n para unirte a nuestra lista de espera y ser de los primeros en solicitar.<\/p>","protected":false},"author":1,"featured_media":0,"parent":0,"menu_order":0,"comment_status":"closed","ping_status":"closed","template":"","meta":{"_kad_post_transparent":"","_kad_post_title":"","_kad_post_layout":"","_kad_post_sidebar_id":"","_kad_post_content_style":"","_kad_post_vertical_padding":"","_kad_post_feature":"","_kad_post_feature_position":"","_kad_post_header":false,"_kad_post_footer":false,"_kad_post_classname":"","footnotes":""},"class_list":["post-65","page","type-page","status-publish","hentry"],"featured_image_src":null,"featured_image_src_square":null,"_links":{"self":[{"href":"https:\/\/firstgenloans.com\/es\/wp-json\/wp\/v2\/pages\/65","targetHints":{"allow":["GET"]}}],"collection":[{"href":"https:\/\/firstgenloans.com\/es\/wp-json\/wp\/v2\/pages"}],"about":[{"href":"https:\/\/firstgenloans.com\/es\/wp-json\/wp\/v2\/types\/page"}],"author":[{"embeddable":true,"href":"https:\/\/firstgenloans.com\/es\/wp-json\/wp\/v2\/users\/1"}],"replies":[{"embeddable":true,"href":"https:\/\/firstgenloans.com\/es\/wp-json\/wp\/v2\/comments?post=65"}],"version-history":[{"count":0,"href":"https:\/\/firstgenloans.com\/es\/wp-json\/wp\/v2\/pages\/65\/revisions"}],"wp:attachment":[{"href":"https:\/\/firstgenloans.com\/es\/wp-json\/wp\/v2\/media?parent=65"}],"curies":[{"name":"wp","href":"https:\/\/api.w.org\/{rel}","templated":true}]}}